{"id":1871,"date":"2019-09-26T13:40:44","date_gmt":"2019-09-26T16:40:44","guid":{"rendered":"http:\/\/bigyear.i1.cl\/?page_id=1871"},"modified":"2019-09-27T17:45:28","modified_gmt":"2019-09-27T20:45:28","slug":"que-es-big-year","status":"publish","type":"page","link":"https:\/\/bigyear.i1.cl\/?page_id=1871","title":{"rendered":"\u00bfQu\u00e9 es Big Year?"},"content":{"rendered":"<p>Un <strong>Big Year<\/strong> (gran a\u00f1o) es un desaf\u00edo personal o una competencia informal entre observadores de aves que intentan identificar tantas especies como sea posible a simple vista o sonido, dentro de un solo a\u00f1o calendario y dentro de un \u00e1rea geogr\u00e1fica espec\u00edfica.<\/p>\n<p>He querido realizar mi propio Big Year, sumando la restricci\u00f3n de tener que realizar un registro fotogr\u00e1fico del ave. Si bien esto a\u00f1ade una cuota muy importante de dificultad, tambi\u00e9n me resulta mucho m\u00e1s gratificante ya que puedo generar un cat\u00e1logo de aves, aprendiendo en el proceso a reconocerlas, encontrarlas y retratarlas.<\/p>\n<blockquote class=\"\"><p>&#8211; \u201cLlegar\u00e1 un tiempo en que los seres humanos se contentar\u00e1n con una alimentaci\u00f3n vegetal y se considerar\u00e1 la matanza de un animal como un crimen, igual que el asesinato de un ser humano.<\/p>\n<p>&nbsp;<\/p>\n<p>Llegar\u00e1 un d\u00eda en el que los hombres como yo, ver\u00e1n el asesinato de un animal como ahora ven el de un hombre. Verdaderamente el hombre es el rey de las bestias, pues su brutalidad sobrepasa la de aquellas. Vivimos por la muerte de otros. Todos somos cementerios\u201d.<cite>Leonardo DaVinci<\/cite><\/p><\/blockquote>\n<p>&nbsp;<\/p>\n<p>&nbsp;<\/p>\n","protected":false},"excerpt":{"rendered":"<p>Un Big Year (gran a\u00f1o) es un desaf\u00edo personal o una competencia informal entre observadores de aves que intentan identificar tantas especies como sea posible a simple vista o sonido, dentro de un solo a\u00f1o calendario y dentro de un \u00e1rea geogr\u00e1fica espec\u00edfica. He querido realizar mi propio Big Year, sumando la restricci\u00f3n de tener&#8230; <span class=\"more\"><a class=\"more-link\" href=\"https:\/\/bigyear.i1.cl\/?page_id=1871\">Read More<\/a><\/span><\/p>\n","protected":false},"author":1,"featured_media":0,"parent":0,"menu_order":2,"comment_status":"closed","ping_status":"closed","template":"","meta":{"footnotes":""},"class_list":["post-1871","page","type-page","status-publish","hentry"],"_links":{"self":[{"href":"https:\/\/bigyear.i1.cl\/index.php?rest_route=\/wp\/v2\/pages\/1871","targetHints":{"allow":["GET"]}}],"collection":[{"href":"https:\/\/bigyear.i1.cl\/index.php?rest_route=\/wp\/v2\/pages"}],"about":[{"href":"https:\/\/bigyear.i1.cl\/index.php?rest_route=\/wp\/v2\/types\/page"}],"author":[{"embeddable":true,"href":"https:\/\/bigyear.i1.cl\/index.php?rest_route=\/wp\/v2\/users\/1"}],"replies":[{"embeddable":true,"href":"https:\/\/bigyear.i1.cl\/index.php?rest_route=%2Fwp%2Fv2%2Fcomments&post=1871"}],"version-history":[{"count":6,"href":"https:\/\/bigyear.i1.cl\/index.php?rest_route=\/wp\/v2\/pages\/1871\/revisions"}],"predecessor-version":[{"id":2197,"href":"https:\/\/bigyear.i1.cl\/index.php?rest_route=\/wp\/v2\/pages\/1871\/revisions\/2197"}],"wp:attachment":[{"href":"https:\/\/bigyear.i1.cl\/index.php?rest_route=%2Fwp%2Fv2%2Fmedia&parent=1871"}],"curies":[{"name":"wp","href":"https:\/\/api.w.org\/{rel}","templated":true}]}}